{"id":21,"date":"2020-12-08T03:53:12","date_gmt":"2020-12-08T03:53:12","guid":{"rendered":"https:\/\/gaviaspreview.com\/wp\/paroti\/?page_id=21"},"modified":"2024-01-09T02:56:05","modified_gmt":"2024-01-09T01:56:05","slug":"qui-sommes-nous","status":"publish","type":"page","link":"https:\/\/makolev.org\/index.php\/qui-sommes-nous\/","title":{"rendered":"Qui sommes nous"},"content":{"rendered":"<style>\/*! elementor - v3.18.0 - 20-12-2023 *\/\n.elementor-heading-title{padding:0;margin:0;line-height:1}.elementor-widget-heading .elementor-heading-title[class*=elementor-size-]>a{color:inherit;font-size:inherit;line-height:inherit}.elementor-widget-heading .elementor-heading-title.elementor-size-small{font-size:15px}.elementor-widget-heading .elementor-heading-title.elementor-size-medium{font-size:19px}.elementor-widget-heading .elementor-heading-title.elementor-size-large{font-size:29px}.elementor-widget-heading .elementor-heading-title.elementor-size-xl{font-size:39px}.elementor-widget-heading .elementor-heading-title.elementor-size-xxl{font-size:59px}<\/style>\n<h2>Qui sommes nous<\/h2>\n<p>\t\t\t\t\t\t  <a href=\"#\"><br \/>\n\t\t\t <img decoding=\"async\" src=\"https:\/\/makolev.org\/wp-content\/uploads\/2024\/01\/WhatsApp-Image-2023-09-06-at-10.02.24-1.jpeg\" alt=\"\" \/>\t\t  <\/a><br \/>\n\t\t\t\t  \t\t  <a href=\"#\"><br \/>\n\t\t\t <img decoding=\"async\" src=\"https:\/\/makolev.org\/wp-content\/uploads\/2024\/01\/paniers-de-pessah-768x576-1.jpg\" alt=\"\" \/>\t\t  <\/a><\/p>\n<h2>\n               Makolev<br \/>\n            <\/h2>\n<p>Chers amis, notre projet est bas\u00e9 sur les valeurs des Institutions Adat Ohel Mosh\u00e9 qui pr\u00f4nent la dignit\u00e9 pour tous.<\/p>\n<p>En effet, Ashdod comme la plupart des villes du Sud d\u2019Isra\u00ebl subit les affres d\u2019une crise sans pr\u00e9c\u00e8dent .Certaines familles de classes moyennes n\u2019ont plus aujourd\u2019hui les moyens de faire face, tant les salaires n\u2019ont pas suivi les hausses constantes des produits de premi\u00e8re n\u00e9cessit\u00e9. L\u2019institution Adat Ohel Moshe se propose avec votre aide de palier autant que possible cette crise majeur en ouvrant un supermarch\u00e9 pour les familles n\u00e9cessiteuses afin qu\u2019elles puissent acheter \u00e0 prix co\u00fbtant et faire leurs courses dans le respect et la discr\u00e9tion. C\u2019est pour cela que nous mobilisons tous nos volontaires pour trouver des c\u0153urs g\u00e9n\u00e9reux au sein de la communaut\u00e9 juive pour venir en aide \u00e0 ces familles en d\u00e9tresse. Aidez ces familles en difficult\u00e9s, qui bien que d\u00e9sesp\u00e9r\u00e9es ne parviennent pas \u00e0 tendre la main.<\/p>\n<h4>Le projet expliqu\u00e9<br \/>\n<\/h4>\n<p>\t\t<iframe loading=\"lazy\" title=\"MESSAGE TRES IMPORTANT DU RAV TOUITOU POUR UN PROJET UNIQUE,adat\" width=\"900\" height=\"506\" src=\"https:\/\/www.youtube.com\/embed\/psVVtG4SMc0?feature=oembed\" frameborder=\"0\" allow=\"accelerometer; autoplay; clipboard-write; encrypted-media; gyroscope; picture-in-picture; web-share\" allowfullscreen><\/iframe>\t\t<\/p>\n<h4>Inauguration de Makolev<br \/>\n<\/h4>\n<p>\t\t<iframe loading=\"lazy\" title=\"Inauguration du Makolev\" width=\"900\" height=\"506\" src=\"https:\/\/www.youtube.com\/embed\/-0raOj9UCv0?feature=oembed\" frameborder=\"0\" allow=\"accelerometer; autoplay; clipboard-write; encrypted-media; gyroscope; picture-in-picture; web-share\" allowfullscreen><\/iframe>\t\t<\/p>\n<h4>Interview du Rav Touitou<br \/>\n<\/h4>\n<p>\t\t<iframe loading=\"lazy\" title=\"Rav Touitou et la Makolev\" width=\"900\" height=\"506\" src=\"https:\/\/www.youtube.com\/embed\/87z1VXKjw48?feature=oembed\" frameborder=\"0\" allow=\"accelerometer; autoplay; clipboard-write; encrypted-media; gyroscope; picture-in-picture; web-share\" allowfullscreen><\/iframe>\t\t<\/p>\n<style>\/*! elementor - v3.18.0 - 20-12-2023 *\/\n.elementor-accordion{text-align:left}.elementor-accordion .elementor-accordion-item{border:1px solid #d5d8dc}.elementor-accordion .elementor-accordion-item+.elementor-accordion-item{border-top:none}.elementor-accordion .elementor-tab-title{margin:0;padding:15px 20px;font-weight:700;line-height:1;cursor:pointer;outline:none}.elementor-accordion .elementor-tab-title .elementor-accordion-icon{display:inline-block;width:1.5em}.elementor-accordion .elementor-tab-title .elementor-accordion-icon svg{width:1em;height:1em}.elementor-accordion .elementor-tab-title .elementor-accordion-icon.elementor-accordion-icon-right{float:right;text-align:right}.elementor-accordion .elementor-tab-title .elementor-accordion-icon.elementor-accordion-icon-left{float:left;text-align:left}.elementor-accordion .elementor-tab-title .elementor-accordion-icon .elementor-accordion-icon-closed{display:block}.elementor-accordion .elementor-tab-title .elementor-accordion-icon .elementor-accordion-icon-opened,.elementor-accordion .elementor-tab-title.elementor-active .elementor-accordion-icon-closed{display:none}.elementor-accordion .elementor-tab-title.elementor-active .elementor-accordion-icon-opened{display:block}.elementor-accordion .elementor-tab-content{display:none;padding:15px 20px;border-top:1px solid #d5d8dc}@media (max-width:767px){.elementor-accordion .elementor-tab-title{padding:12px 15px}.elementor-accordion .elementor-tab-title .elementor-accordion-icon{width:1.2em}.elementor-accordion .elementor-tab-content{padding:7px 15px}}.e-con-inner>.elementor-widget-accordion,.e-con>.elementor-widget-accordion{width:var(--container-widget-width);--flex-grow:var(--container-widget-flex-grow)}<\/style>\n<p>\t\t\t\t\t\t\t\t\t\t\t\t\t\t\t<svg viewBox=\"0 0 448 512\" xmlns=\"http:\/\/www.w3.org\/2000\/svg\"><path d=\"M416 208H272V64c0-17.67-14.33-32-32-32h-32c-17.67 0-32 14.33-32 32v144H32c-17.67 0-32 14.33-32 32v32c0 17.67 14.33 32 32 32h144v144c0 17.67 14.33 32 32 32h32c17.67 0 32-14.33 32-32V304h144c17.67 0 32-14.33 32-32v-32c0-17.67-14.33-32-32-32z\"><\/path><\/svg><br \/>\n\t\t\t\t\t\t\t\t<svg viewBox=\"0 0 448 512\" xmlns=\"http:\/\/www.w3.org\/2000\/svg\"><path d=\"M416 208H32c-17.67 0-32 14.33-32 32v32c0 17.67 14.33 32 32 32h384c17.67 0 32-14.33 32-32v-32c0-17.67-14.33-32-32-32z\"><\/path><\/svg><br \/>\n\t\t\t\t\t\t\t\t\t\t\t\t<a tabindex=\"0\">Rav Touitou, votre emploi du temps semble impressionnant, comment vous organisez vous?<\/a><\/p>\n<p>Chaque jour je donne au moins trois cours de Torah, mais je consacre une grande partie de mon temps \u00e0 aider des familles qui rencontrent des difficult\u00e9s. Je re\u00e7ois de nombreux couples qui font face \u00e0 des probl\u00e8mes de chalom bayt, des familles qui doivent affronter des probl\u00e8mes d\u2019\u00e9ducation et des difficult\u00e9s scolaires avec leurs enfants, des difficult\u00e9s d\u2019int\u00e9gration de toutes sortes, et bien s\u00fbr malheureusement des probl\u00e8mes de parnassa. Je re\u00e7ois en plus entre 70 et 80 mails par jour de personnes qui demandent de l\u2019aide. C\u2019est un travail difficile et tr\u00e8s prenant, mais il me semble d\u2019autant plus essentiel qu\u2019il n\u2019existe aucune structure au niveau de la ville d\u2019Ashdod qui puisse venir en aide \u00e0 ces familles. De plus, les Fran\u00e7ais ne sont pas repr\u00e9sent\u00e9s \u00e0 la mairie. Je suis souvent terrifi\u00e9 et accabl\u00e9 de constater que rien n\u2019existe pour des gens qui se retrouvent \u00e0 la rue, parfois avec des enfants, pour des gens qui sont confront\u00e9s \u00e0 la maladie et n\u2019ont pas les moyens de se payer des m\u00e9dicaments et des op\u00e9rations souvent tr\u00e8s couteuses. Il serait essentiel que les Fran\u00e7ais puissent avoir un centre communautaire ou au moins un local o\u00f9 l\u2019on regrouperait diff\u00e9rents services afin de leur venir en aide. Il est de notre devoir de tout faire pour rendre leur dignit\u00e9 aux plus d\u00e9munis et les aider au maximum de nos possibilit\u00e9s. C\u2019est dans cette optique que je souhaite aussi aujourd\u2019hui ouvrir un supermarch\u00e9 destin\u00e9 aux personnes d\u00e9favoris\u00e9es.<\/p>\n<p>\t\t\t\t\t\t\t\t\t\t\t\t\t\t\t<svg viewBox=\"0 0 448 512\" xmlns=\"http:\/\/www.w3.org\/2000\/svg\"><path d=\"M416 208H272V64c0-17.67-14.33-32-32-32h-32c-17.67 0-32 14.33-32 32v144H32c-17.67 0-32 14.33-32 32v32c0 17.67 14.33 32 32 32h144v144c0 17.67 14.33 32 32 32h32c17.67 0 32-14.33 32-32V304h144c17.67 0 32-14.33 32-32v-32c0-17.67-14.33-32-32-32z\"><\/path><\/svg><br \/>\n\t\t\t\t\t\t\t\t<svg viewBox=\"0 0 448 512\" xmlns=\"http:\/\/www.w3.org\/2000\/svg\"><path d=\"M416 208H32c-17.67 0-32 14.33-32 32v32c0 17.67 14.33 32 32 32h384c17.67 0 32-14.33 32-32v-32c0-17.67-14.33-32-32-32z\"><\/path><\/svg><br \/>\n\t\t\t\t\t\t\t\t\t\t\t\t<a tabindex=\"0\">Avez-vous d\u00e9j\u00e0 avanc\u00e9 sur ce projet et comment comptez-vous le financer?<\/a><\/p>\n<p>Je tiens \u00e0 pr\u00e9ciser que c\u2019est un projet dans lequel je mets tout mon c\u0153ur et auquel je pense depuis plusieurs ann\u00e9es d\u00e9j\u00e0. Ce n\u2019est pas facile, mon emploi du temps est comme vous l\u2019avez remarqu\u00e9 tr\u00e8s charg\u00e9 et il faut bien s\u00fbr de gros moyens pour le r\u00e9aliser. La premi\u00e8re chose \u00e0 faire est de mettre en place une structure pour collecter des fonds. C\u2019est ce que nous faisons actuellement puisque nous venons de prendre des bureaux dans lesquels nous allons faire travailler tr\u00e8s prochainement des personnes qui seront charg\u00e9es de recueillir des dons. Je pr\u00e9cise que nos salari\u00e9s seront pour la plupart des olim de France, dont certains ne trouvaient pas d\u2019emploi. De plus, c\u2019est une mission qui se fera dans le plus strict respect de la halakha. Comme vous le savez, lorsqu\u2019on collecte des fonds pour la tsedaka, cela doit aller \u00e0 la bonne adresse et non pas se perdre dans les m\u00e9andres de montages obscurs. C\u2019est d\u2019ailleurs mon \u00e9pouse qui sera en charge de superviser les \u00e9quipes qui collecteront les dons. Actuellement, je suis aussi \u00e0 la recherche d\u2019un local puisqu\u2019il nous faudra un espace d\u2019au moins 200m2 pour pouvoir entreposer les marchandises et recevoir le public. Je prends aussi des contacts avec diff\u00e9rentes cha\u00eenes d\u2019alimentation pour que nous puissions recueillir des dons alimentaires ou obtenir des marchandises \u00e0 de bons prix. Concernant le fonctionnement \u00e0 proprement parler de la structure, les personnes qui demandent de l\u2019aide pourront y faire leurs courses d\u00e8s que nous aurons pris connaissance de leur situation. Ensuite, il y a deux options envisageables. La premi\u00e8re consisterait \u00e0 r\u00e9server le magasin uniquement \u00e0 des gens n\u00e9cessiteux. La seconde, que je privil\u00e9gie, consisterait \u00e0 faire un vrai supermarch\u00e9 o\u00f9 chacun pourrait venir faire ses courses sachant que ceux qui payeront leurs courses au tarif normal participeront ainsi \u00e0 la mitsva de la tsedaka. Leur caddie payera tout simplement celui d\u2019une famille en difficult\u00e9 ! C\u2019est une fa\u00e7on discr\u00e8te de donner la tsedaka puisque personne ne saura qui est b\u00e9n\u00e9ficiaire d\u2019une aide dans la mesure o\u00f9 \u00e0 la caisse, les personnes aid\u00e9es pr\u00e9senteront elles aussi une carte de paiement comme n\u2019importe quel client. Cela \u00e0 mon sens contribuera \u00e0 rendre une certaine dignit\u00e9 et un peu de s\u00e9r\u00e9nit\u00e9 \u00e0 ceux qui en ont le plus besoin. C\u2019est pour cela que je me bats et que ce projet me tient tant \u00e0 c\u0153ur. Nous ne pouvons pas rester inactifs face \u00e0 la d\u00e9tresse de familles, souvent avec de jeunes enfants, qui manquent au quotidien des produits les plus \u00e9l\u00e9mentaires.<\/p>\n<p>\u00a0<\/p>\n<p>\t\t\t\t\t\t\t\t\t\t\t\t\t\t\t<svg viewBox=\"0 0 448 512\" xmlns=\"http:\/\/www.w3.org\/2000\/svg\"><path d=\"M416 208H272V64c0-17.67-14.33-32-32-32h-32c-17.67 0-32 14.33-32 32v144H32c-17.67 0-32 14.33-32 32v32c0 17.67 14.33 32 32 32h144v144c0 17.67 14.33 32 32 32h32c17.67 0 32-14.33 32-32V304h144c17.67 0 32-14.33 32-32v-32c0-17.67-14.33-32-32-32z\"><\/path><\/svg><br \/>\n\t\t\t\t\t\t\t\t<svg viewBox=\"0 0 448 512\" xmlns=\"http:\/\/www.w3.org\/2000\/svg\"><path d=\"M416 208H32c-17.67 0-32 14.33-32 32v32c0 17.67 14.33 32 32 32h384c17.67 0 32-14.33 32-32v-32c0-17.67-14.33-32-32-32z\"><\/path><\/svg><br \/>\n\t\t\t\t\t\t\t\t\t\t\t\t<a tabindex=\"0\">Ces familles dans le besoin sont parfois le reflet d\u2019\u00e9checs dans le cadre de l\u2019alya. Pourtant vous \u00eates le premier rav \u00e0 avoir appel\u00e9 les Juifs de France \u00e0 faire leur alya le plus rapidement possible apr\u00e8s la tuerie \u00e0 Hypercacher. n\u2019est-ce pas un peu contradictoire?<\/a><\/p>\n<section>\n<p>Les difficult\u00e9s rencontr\u00e9es par certains ne sont ni une g\u00e9n\u00e9ralit\u00e9, ni une fatalit\u00e9. Je rappelle qu\u2019il y a du travail en Isra\u00ebl et que beaucoup de nos compatriotes r\u00e9ussissent dans leur activit\u00e9 professionnelle. Il y a certes des in\u00e9galit\u00e9s sociales, mais Isra\u00ebl est un pays riche, un pays magnifique, parmi les plus avanc\u00e9s au monde alors que l\u2019Etat n\u2019a que 67 ans. Concernant l\u2019alya, il faut bien comprendre que vivre en Isra\u00ebl est de l\u2019avis de la majeure partie des Poskim une grande mitsva. C\u2019est sans aucun doute le meilleur pays pour vivre en tant que Juif et je suis atterr\u00e9 de constater que certains rabbanim de France trouvent tout \u00e0 fait normal que des membres de leurs communaut\u00e9s partent aux Etats Unis ou au Canada, mais font pleuvoir les critiques d\u00e8s qu\u2019on \u00e9voque un d\u00e9part vers Isra\u00ebl. Celui qui parle d\u2019alya a trop souvent le droit \u00e0 une s\u00e9ance de diabolisation assortie d\u2019une liste insens\u00e9e d\u2019aspects n\u00e9gatifs, allant du \u00ab on meurt aussi dans des attentats en Isra\u00ebl \u00bb \u00e0 \u00ab il n\u2019y a pas de travail, la vie est dure et si c\u2019est pour travailler dans un call center\u2026 \u00bb en passant par l\u2019annonce d\u2019une \u00ab descente assur\u00e9e du niveau religieux \u00bb, sans oublier bien s\u00fbr l\u2019incontournable \u00ab s\u2019adapter \u00e0 la mentalit\u00e9 isra\u00e9lienne est tr\u00e8s difficile \u00bb. Je suis profond\u00e9ment outr\u00e9 de voir que certains consid\u00e8rent en fait Isra\u00ebl comme une station baln\u00e9aire ! Comme je l\u2019ai dit dans mon \u00ab appel aux Juifs de France \u00bb (\u00e0 voir sur le site), les rabbanim fran\u00e7ais ont en r\u00e8gle g\u00e9n\u00e9rale tous envoy\u00e9s leurs enfants \u00e9tudier en Isra\u00ebl, pays o\u00f9 il y a le plus de religieux et de yeshivot et o\u00f9 des villes enti\u00e8res sont religieuses. La \u00ab descente de niveau \u00bb ne semble donc pas les pr\u00e9occuper outre mesure ! En revanche, je me demande quelle expression ces m\u00eames rabbins utilisent pour qualifier le taux de 80% d\u2019assimilation au sein des communaut\u00e9s juives d\u2019Europe. Aujourd\u2019hui, je suis profond\u00e9ment convaincu que les Juifs de France sont en danger. Les moyens de la police sont tr\u00e8s insuffisants pour lutter contre la progression de l\u2019Islam radical qui est d\u00e9sormais capable d\u2019infiltrer toutes les couches de la soci\u00e9t\u00e9. De plus, vous avez aussi beaucoup de Fran\u00e7ais qui se convertissent \u00e0 l\u2019Islam .Vous avez vu ce que 3 terroristes ont \u00e9t\u00e9 capables de faire \u00e0 Paris en janvier. Imaginez si demain, les attaques se multiplient dans un m\u00eame temps dans plusieurs villes de France ! Les messages sont clairs et pourtant beaucoup ne veulent pas les voir. Je pense sinc\u00e8rement que la Gueoula est proche et que notre place est ici, sur notre terre. Parall\u00e8lement, il est clair que nous devons tout faire pour nous organiser en Isra\u00ebl afin de recevoir dans de bonnes conditions les olim de France. Il est grand temps que le gouvernement isra\u00e9lien prenne des mesures plus concr\u00e8tes pour accompagner cette alya, dont on pr\u00e9voit de nouveaux records cette ann\u00e9e. En ce qui me concerne, chaque jour, des personnes qui suivent mes cours sur Internet me contactent concernant l\u2019Alya. Certaines sont seules, parfois d\u00e9munies et il faut essayer d\u2019aider au cas par cas pour trouver une solution viable. D\u2019autres personnes me disent qu\u2019elles ont d\u00e9j\u00e0 tent\u00e9 l\u2019exp\u00e9rience de l\u2019alya mais ont d\u00fb rentrer faute d\u2019avoir r\u00e9ussi leur int\u00e9gration. A celles-ci je r\u00e9ponds que le Cr\u00e9ateur a d\u00e9truit le monde avec le d\u00e9luge car il ne Lui convenait pas. Il l\u2019a d\u00e9truit pour mieux le reconstruire, autrement dit ce n\u2019est pas parce que vous avez \u00e9chou\u00e9 une fois, que vous \u00e9chouerez une seconde fois pour votre alya. Quant \u00e0 ceux qui ne veulent pas venir pour toutes sortes de raisons, je leur demande au moins d\u2019apporter un soutien par des actions de tsedaka en faveur des gens qui vivent en Isra\u00ebl.<\/p>\n<\/section>\n<section>\u00a0<\/section>\n<p style=\"text-align: center;\">Makolev est un projet <strong>extraordinaire<\/strong>, mais nous avons besoin de <strong>l&#8217;aide<\/strong> d&#8217;un maximum de personnes volontaires!<br \/>Une partie de <strong>notre peuple<\/strong> souffre en silence, nous devons agir&#8230;<\/p>\n<style>\/*! elementor - v3.18.0 - 20-12-2023 *\/\n.elementor-column .elementor-spacer-inner{height:var(--spacer-size)}.e-con{--container-widget-width:100%}.e-con-inner>.elementor-widget-spacer,.e-con>.elementor-widget-spacer{width:var(--container-widget-width,var(--spacer-size));--align-self:var(--container-widget-align-self,initial);--flex-shrink:0}.e-con-inner>.elementor-widget-spacer>.elementor-widget-container,.e-con>.elementor-widget-spacer>.elementor-widget-container{height:100%;width:100%}.e-con-inner>.elementor-widget-spacer>.elementor-widget-container>.elementor-spacer,.e-con>.elementor-widget-spacer>.elementor-widget-container>.elementor-spacer{height:100%}.e-con-inner>.elementor-widget-spacer>.elementor-widget-container>.elementor-spacer>.elementor-spacer-inner,.e-con>.elementor-widget-spacer>.elementor-widget-container>.elementor-spacer>.elementor-spacer-inner{height:var(--container-widget-height,var(--spacer-size))}.e-con-inner>.elementor-widget-spacer.elementor-widget-empty,.e-con>.elementor-widget-spacer.elementor-widget-empty{position:relative;min-height:22px;min-width:22px}.e-con-inner>.elementor-widget-spacer.elementor-widget-empty .elementor-widget-empty-icon,.e-con>.elementor-widget-spacer.elementor-widget-empty .elementor-widget-empty-icon{position:absolute;top:0;bottom:0;left:0;right:0;margin:auto;padding:0;width:22px;height:22px}<\/style>\n","protected":false},"excerpt":{"rendered":"<p>Qui sommes nous Makolev Chers amis, notre projet est bas\u00e9 sur les valeurs des Institutions Adat Ohel Mosh\u00e9 qui pr\u00f4nent la dignit\u00e9 pour tous. En effet, Ashdod comme la plupart des villes du Sud d\u2019Isra\u00ebl subit les affres d\u2019une crise sans pr\u00e9c\u00e8dent .Certaines familles de classes moyennes n\u2019ont plus aujourd\u2019hui les moyens de faire face, [&hellip;]<\/p>\n","protected":false},"author":1,"featured_media":0,"parent":0,"menu_order":0,"comment_status":"closed","ping_status":"closed","template":"","meta":{"footnotes":""},"class_list":["post-21","page","type-page","status-publish","hentry"],"_links":{"self":[{"href":"https:\/\/makolev.org\/index.php\/wp-json\/wp\/v2\/pages\/21","targetHints":{"allow":["GET"]}}],"collection":[{"href":"https:\/\/makolev.org\/index.php\/wp-json\/wp\/v2\/pages"}],"about":[{"href":"https:\/\/makolev.org\/index.php\/wp-json\/wp\/v2\/types\/page"}],"author":[{"embeddable":true,"href":"https:\/\/makolev.org\/index.php\/wp-json\/wp\/v2\/users\/1"}],"replies":[{"embeddable":true,"href":"https:\/\/makolev.org\/index.php\/wp-json\/wp\/v2\/comments?post=21"}],"version-history":[{"count":4,"href":"https:\/\/makolev.org\/index.php\/wp-json\/wp\/v2\/pages\/21\/revisions"}],"predecessor-version":[{"id":1712,"href":"https:\/\/makolev.org\/index.php\/wp-json\/wp\/v2\/pages\/21\/revisions\/1712"}],"wp:attachment":[{"href":"https:\/\/makolev.org\/index.php\/wp-json\/wp\/v2\/media?parent=21"}],"curies":[{"name":"wp","href":"https:\/\/api.w.org\/{rel}","templated":true}]}}